{"id":14,"date":"2016-06-12T12:27:24","date_gmt":"2016-06-12T10:27:24","guid":{"rendered":"http:\/\/localhost\/wordpress\/?page_id=14"},"modified":"2017-12-17T11:43:07","modified_gmt":"2017-12-17T10:43:07","slug":"ueber-uns","status":"publish","type":"page","link":"https:\/\/orthopaedie-meckesheim.de\/?page_id=14","title":{"rendered":"\u00dcber uns"},"content":{"rendered":"<p>Unsere Praxis wurde am 1. April 1996 gegr\u00fcndet. Wir vertreten das gesamte Spektrum\u00a0der Orthop\u00e4die und Unfallchirurgie einschlie\u00dflich Kinderorthop\u00e4die und Unfallbehandlung. Es stehen alle erforderlichen diagnostischen und therapeutischen M\u00f6glichkeiten zur\u00a0Verf\u00fcgung, die f\u00fcr eine qualifizierte Patientenbetreuung nach modernsten\u00a0Gesichtspunkten notwendig sind.<\/p>\n<p>Beide Praxisinhaber sind erfahrene Fach\u00e4rzte f\u00fcr Orthop\u00e4die und Unfallchirurgie und f\u00fchren<br \/>\ndie Zusatztitel \u201eSportmedizin\u201c, \u201eChirotherapie\u201c, \u201eAkupunktur&#8220;, \u201eOsteologe DVO\u201c. Dar\u00fcber\u00a0hinaus haben sie umfangreiche Fortbildungen absolviert.<br \/>\nSie verf\u00fcgen beide \u00fcber die Zulassung als Kassen\u00e4rzte der Kassen\u00e4rztlichen Vereinigung Baden-W\u00fcrttemberg und sind au\u00dferdem Partner des AOK-Facharzt-Programms.<\/p>\n<p>Unser Team besteht aus den \u00c4rzten:<\/p>\n<p><img loading=\"lazy\" decoding=\"async\" class=\"alignnone wp-image-118\" src=\"http:\/\/klehr.dasting.net\/wp-content\/uploads\/2016\/06\/DSC_0407-239x300.jpg\" alt=\"\" width=\"123\" height=\"155\" srcset=\"https:\/\/orthopaedie-meckesheim.de\/wp-content\/uploads\/2016\/06\/DSC_0407-239x300.jpg 239w, https:\/\/orthopaedie-meckesheim.de\/wp-content\/uploads\/2016\/06\/DSC_0407-768x965.jpg 768w, https:\/\/orthopaedie-meckesheim.de\/wp-content\/uploads\/2016\/06\/DSC_0407-815x1024.jpg 815w, https:\/\/orthopaedie-meckesheim.de\/wp-content\/uploads\/2016\/06\/DSC_0407-302x380.jpg 302w\" sizes=\"auto, (max-width: 123px) 100vw, 123px\" \/><\/p>\n<p><strong>Dr. med. Jens Hilbert<\/strong><\/p>\n<p><img loading=\"lazy\" decoding=\"async\" class=\"alignnone wp-image-116\" src=\"http:\/\/klehr.dasting.net\/wp-content\/uploads\/2016\/06\/DSC_0414-232x300.jpg\" alt=\"\" width=\"120\" height=\"155\" srcset=\"https:\/\/orthopaedie-meckesheim.de\/wp-content\/uploads\/2016\/06\/DSC_0414-232x300.jpg 232w, https:\/\/orthopaedie-meckesheim.de\/wp-content\/uploads\/2016\/06\/DSC_0414-768x995.jpg 768w, https:\/\/orthopaedie-meckesheim.de\/wp-content\/uploads\/2016\/06\/DSC_0414-790x1024.jpg 790w, https:\/\/orthopaedie-meckesheim.de\/wp-content\/uploads\/2016\/06\/DSC_0414-293x380.jpg 293w\" sizes=\"auto, (max-width: 120px) 100vw, 120px\" \/><\/p>\n<p><strong>Dr. med. Peter Klehr<\/strong><\/p>\n<p>sowie aus mehreren qualifizierten medizinischen Fachangestellten und\u00a0einer Sekret\u00e4rin.<\/p>\n<p><img loading=\"lazy\" decoding=\"async\" class=\"alignnone wp-image-119\" src=\"http:\/\/klehr.dasting.net\/wp-content\/uploads\/2016\/06\/DSC_0378-1024x814.jpg\" alt=\"\" width=\"394\" height=\"313\" srcset=\"https:\/\/orthopaedie-meckesheim.de\/wp-content\/uploads\/2016\/06\/DSC_0378-1024x814.jpg 1024w, https:\/\/orthopaedie-meckesheim.de\/wp-content\/uploads\/2016\/06\/DSC_0378-300x239.jpg 300w, https:\/\/orthopaedie-meckesheim.de\/wp-content\/uploads\/2016\/06\/DSC_0378-768x611.jpg 768w, https:\/\/orthopaedie-meckesheim.de\/wp-content\/uploads\/2016\/06\/DSC_0378-478x380.jpg 478w\" sizes=\"auto, (max-width: 394px) 100vw, 394px\" \/><\/p>\n<p>Diese sind stets bestrebt, Ihnen freundlich, qualifiziert und\u00a0 m\u00f6glichst schnell bei Ihren Anliegen zu helfen.<\/p>\n","protected":false},"excerpt":{"rendered":"<p>Unsere Praxis wurde am 1. April 1996 gegr\u00fcndet. Wir vertreten das gesamte Spektrum\u00a0der Orthop\u00e4die und Unfallchirurgie einschlie\u00dflich Kinderorthop\u00e4die und Unfallbehandlung. Es stehen alle erforderlichen diagnostischen und therapeutischen M\u00f6glichkeiten zur\u00a0Verf\u00fcgung, die f\u00fcr eine qualifizierte Patientenbetreuung nach modernsten\u00a0Gesichtspunkten notwendig sind. Beide Praxisinhaber sind erfahrene Fach\u00e4rzte f\u00fcr Orthop\u00e4die und Unfallchirurgie und f\u00fchren die Zusatztitel \u201eSportmedizin\u201c, \u201eChirotherapie\u201c, \u201eAkupunktur&#8220;, \u201eOsteologe [&hellip;]<\/p>\n","protected":false},"author":3,"featured_media":0,"parent":0,"menu_order":4,"comment_status":"closed","ping_status":"closed","template":"","meta":{"jetpack_post_was_ever_published":false,"footnotes":""},"class_list":["post-14","page","type-page","status-publish","hentry","without-featured-image"],"yoast_head":"<!-- This site is optimized with the Yoast SEO plugin v25.0 - https:\/\/yoast.com\/wordpress\/plugins\/seo\/ -->\n<title>\u00dcber uns - Ortopaedie Meckesheim<\/title>\n<meta name=\"robots\" content=\"index, follow, max-snippet:-1, max-image-preview:large, max-video-preview:-1\" \/>\n<link rel=\"canonical\" href=\"https:\/\/orthopaedie-meckesheim.de\/?page_id=14\" \/>\n<meta property=\"og:locale\" content=\"de_DE\" \/>\n<meta property=\"og:type\" content=\"article\" \/>\n<meta property=\"og:title\" content=\"\u00dcber uns - Ortopaedie Meckesheim\" \/>\n<meta property=\"og:description\" content=\"Unsere Praxis wurde am 1. April 1996 gegr\u00fcndet. Wir vertreten das gesamte Spektrum\u00a0der Orthop\u00e4die und Unfallchirurgie einschlie\u00dflich Kinderorthop\u00e4die und Unfallbehandlung. Es stehen alle erforderlichen diagnostischen und therapeutischen M\u00f6glichkeiten zur\u00a0Verf\u00fcgung, die f\u00fcr eine qualifizierte Patientenbetreuung nach modernsten\u00a0Gesichtspunkten notwendig sind. Beide Praxisinhaber sind erfahrene Fach\u00e4rzte f\u00fcr Orthop\u00e4die und Unfallchirurgie und f\u00fchren die Zusatztitel \u201eSportmedizin\u201c, \u201eChirotherapie\u201c, \u201eAkupunktur&#8220;, \u201eOsteologe [&hellip;]\" \/>\n<meta property=\"og:url\" content=\"https:\/\/orthopaedie-meckesheim.de\/?page_id=14\" \/>\n<meta property=\"og:site_name\" content=\"Ortopaedie Meckesheim\" \/>\n<meta property=\"article:modified_time\" content=\"2017-12-17T10:43:07+00:00\" \/>\n<meta property=\"og:image\" content=\"http:\/\/klehr.dasting.net\/wp-content\/uploads\/2016\/06\/DSC_0407-239x300.jpg\" \/>\n<meta name=\"twitter:card\" content=\"summary_large_image\" \/>\n<meta name=\"twitter:label1\" content=\"Gesch\u00e4tzte Lesezeit\" \/>\n\t<meta name=\"twitter:data1\" content=\"1\u00a0Minute\" \/>\n<script type=\"application\/ld+json\" class=\"yoast-schema-graph\">{\"@context\":\"https:\/\/schema.org\",\"@graph\":[{\"@type\":\"WebPage\",\"@id\":\"https:\/\/orthopaedie-meckesheim.de\/?page_id=14\",\"url\":\"https:\/\/orthopaedie-meckesheim.de\/?page_id=14\",\"name\":\"\u00dcber uns - Ortopaedie Meckesheim\",\"isPartOf\":{\"@id\":\"https:\/\/orthopaedie-meckesheim.de\/#website\"},\"primaryImageOfPage\":{\"@id\":\"https:\/\/orthopaedie-meckesheim.de\/?page_id=14#primaryimage\"},\"image\":{\"@id\":\"https:\/\/orthopaedie-meckesheim.de\/?page_id=14#primaryimage\"},\"thumbnailUrl\":\"http:\/\/klehr.dasting.net\/wp-content\/uploads\/2016\/06\/DSC_0407-239x300.jpg\",\"datePublished\":\"2016-06-12T10:27:24+00:00\",\"dateModified\":\"2017-12-17T10:43:07+00:00\",\"breadcrumb\":{\"@id\":\"https:\/\/orthopaedie-meckesheim.de\/?page_id=14#breadcrumb\"},\"inLanguage\":\"de\",\"potentialAction\":[{\"@type\":\"ReadAction\",\"target\":[\"https:\/\/orthopaedie-meckesheim.de\/?page_id=14\"]}]},{\"@type\":\"ImageObject\",\"inLanguage\":\"de\",\"@id\":\"https:\/\/orthopaedie-meckesheim.de\/?page_id=14#primaryimage\",\"url\":\"http:\/\/klehr.dasting.net\/wp-content\/uploads\/2016\/06\/DSC_0407-239x300.jpg\",\"contentUrl\":\"http:\/\/klehr.dasting.net\/wp-content\/uploads\/2016\/06\/DSC_0407-239x300.jpg\"},{\"@type\":\"BreadcrumbList\",\"@id\":\"https:\/\/orthopaedie-meckesheim.de\/?page_id=14#breadcrumb\",\"itemListElement\":[{\"@type\":\"ListItem\",\"position\":1,\"name\":\"Startseite\",\"item\":\"https:\/\/orthopaedie-meckesheim.de\/\"},{\"@type\":\"ListItem\",\"position\":2,\"name\":\"\u00dcber uns\"}]},{\"@type\":\"WebSite\",\"@id\":\"https:\/\/orthopaedie-meckesheim.de\/#website\",\"url\":\"https:\/\/orthopaedie-meckesheim.de\/\",\"name\":\"Ortopaedie Meckesheim\",\"description\":\"\",\"potentialAction\":[{\"@type\":\"SearchAction\",\"target\":{\"@type\":\"EntryPoint\",\"urlTemplate\":\"https:\/\/orthopaedie-meckesheim.de\/?s={search_term_string}\"},\"query-input\":{\"@type\":\"PropertyValueSpecification\",\"valueRequired\":true,\"valueName\":\"search_term_string\"}}],\"inLanguage\":\"de\"}]}<\/script>\n<!-- \/ Yoast SEO plugin. -->","yoast_head_json":{"title":"\u00dcber uns - Ortopaedie Meckesheim","robots":{"index":"index","follow":"follow","max-snippet":"max-snippet:-1","max-image-preview":"max-image-preview:large","max-video-preview":"max-video-preview:-1"},"canonical":"https:\/\/orthopaedie-meckesheim.de\/?page_id=14","og_locale":"de_DE","og_type":"article","og_title":"\u00dcber uns - Ortopaedie Meckesheim","og_description":"Unsere Praxis wurde am 1. April 1996 gegr\u00fcndet. Wir vertreten das gesamte Spektrum\u00a0der Orthop\u00e4die und Unfallchirurgie einschlie\u00dflich Kinderorthop\u00e4die und Unfallbehandlung. Es stehen alle erforderlichen diagnostischen und therapeutischen M\u00f6glichkeiten zur\u00a0Verf\u00fcgung, die f\u00fcr eine qualifizierte Patientenbetreuung nach modernsten\u00a0Gesichtspunkten notwendig sind. Beide Praxisinhaber sind erfahrene Fach\u00e4rzte f\u00fcr Orthop\u00e4die und Unfallchirurgie und f\u00fchren die Zusatztitel \u201eSportmedizin\u201c, \u201eChirotherapie\u201c, \u201eAkupunktur&#8220;, \u201eOsteologe [&hellip;]","og_url":"https:\/\/orthopaedie-meckesheim.de\/?page_id=14","og_site_name":"Ortopaedie Meckesheim","article_modified_time":"2017-12-17T10:43:07+00:00","og_image":[{"url":"http:\/\/klehr.dasting.net\/wp-content\/uploads\/2016\/06\/DSC_0407-239x300.jpg","type":"","width":"","height":""}],"twitter_card":"summary_large_image","twitter_misc":{"Gesch\u00e4tzte Lesezeit":"1\u00a0Minute"},"schema":{"@context":"https:\/\/schema.org","@graph":[{"@type":"WebPage","@id":"https:\/\/orthopaedie-meckesheim.de\/?page_id=14","url":"https:\/\/orthopaedie-meckesheim.de\/?page_id=14","name":"\u00dcber uns - Ortopaedie Meckesheim","isPartOf":{"@id":"https:\/\/orthopaedie-meckesheim.de\/#website"},"primaryImageOfPage":{"@id":"https:\/\/orthopaedie-meckesheim.de\/?page_id=14#primaryimage"},"image":{"@id":"https:\/\/orthopaedie-meckesheim.de\/?page_id=14#primaryimage"},"thumbnailUrl":"http:\/\/klehr.dasting.net\/wp-content\/uploads\/2016\/06\/DSC_0407-239x300.jpg","datePublished":"2016-06-12T10:27:24+00:00","dateModified":"2017-12-17T10:43:07+00:00","breadcrumb":{"@id":"https:\/\/orthopaedie-meckesheim.de\/?page_id=14#breadcrumb"},"inLanguage":"de","potentialAction":[{"@type":"ReadAction","target":["https:\/\/orthopaedie-meckesheim.de\/?page_id=14"]}]},{"@type":"ImageObject","inLanguage":"de","@id":"https:\/\/orthopaedie-meckesheim.de\/?page_id=14#primaryimage","url":"http:\/\/klehr.dasting.net\/wp-content\/uploads\/2016\/06\/DSC_0407-239x300.jpg","contentUrl":"http:\/\/klehr.dasting.net\/wp-content\/uploads\/2016\/06\/DSC_0407-239x300.jpg"},{"@type":"BreadcrumbList","@id":"https:\/\/orthopaedie-meckesheim.de\/?page_id=14#breadcrumb","itemListElement":[{"@type":"ListItem","position":1,"name":"Startseite","item":"https:\/\/orthopaedie-meckesheim.de\/"},{"@type":"ListItem","position":2,"name":"\u00dcber uns"}]},{"@type":"WebSite","@id":"https:\/\/orthopaedie-meckesheim.de\/#website","url":"https:\/\/orthopaedie-meckesheim.de\/","name":"Ortopaedie Meckesheim","description":"","potentialAction":[{"@type":"SearchAction","target":{"@type":"EntryPoint","urlTemplate":"https:\/\/orthopaedie-meckesheim.de\/?s={search_term_string}"},"query-input":{"@type":"PropertyValueSpecification","valueRequired":true,"valueName":"search_term_string"}}],"inLanguage":"de"}]}},"jetpack_sharing_enabled":true,"jetpack_shortlink":"https:\/\/wp.me\/P7JG5X-e","_links":{"self":[{"href":"https:\/\/orthopaedie-meckesheim.de\/index.php?rest_route=\/wp\/v2\/pages\/14","targetHints":{"allow":["GET"]}}],"collection":[{"href":"https:\/\/orthopaedie-meckesheim.de\/index.php?rest_route=\/wp\/v2\/pages"}],"about":[{"href":"https:\/\/orthopaedie-meckesheim.de\/index.php?rest_route=\/wp\/v2\/types\/page"}],"author":[{"embeddable":true,"href":"https:\/\/orthopaedie-meckesheim.de\/index.php?rest_route=\/wp\/v2\/users\/3"}],"replies":[{"embeddable":true,"href":"https:\/\/orthopaedie-meckesheim.de\/index.php?rest_route=%2Fwp%2Fv2%2Fcomments&post=14"}],"version-history":[{"count":17,"href":"https:\/\/orthopaedie-meckesheim.de\/index.php?rest_route=\/wp\/v2\/pages\/14\/revisions"}],"predecessor-version":[{"id":140,"href":"https:\/\/orthopaedie-meckesheim.de\/index.php?rest_route=\/wp\/v2\/pages\/14\/revisions\/140"}],"wp:attachment":[{"href":"https:\/\/orthopaedie-meckesheim.de\/index.php?rest_route=%2Fwp%2Fv2%2Fmedia&parent=14"}],"curies":[{"name":"wp","href":"https:\/\/api.w.org\/{rel}","templated":true}]}}