{"id":17,"date":"2016-06-12T12:32:11","date_gmt":"2016-06-12T10:32:11","guid":{"rendered":"http:\/\/localhost\/wordpress\/?page_id=17"},"modified":"2017-12-17T11:43:31","modified_gmt":"2017-12-17T10:43:31","slug":"leistungen","status":"publish","type":"page","link":"https:\/\/orthopaedie-meckesheim.de\/?page_id=17","title":{"rendered":"Unsere Leistungen"},"content":{"rendered":"<ul>\n<li>Komplettes Spektrum der Orthop\u00e4die und Unfallchirurgie<\/li>\n<li>Kinderorthop\u00e4die<\/li>\n<li>Sportmedizin<\/li>\n<li>Chirotherapie<\/li>\n<li>Unfallbehandlung<\/li>\n<li>Knochendichtemessung mittels DXA Verfahren\/Osteoporose-Therapie<\/li>\n<li>Digitales R\u00f6ntgen<\/li>\n<li>Sonographie einschlie\u00dflich S\u00e4uglingsh\u00fcften<\/li>\n<li>Gutachtert\u00e4tigkeit<\/li>\n<li>Akupunktur<\/li>\n<li>Signaltherapie<\/li>\n<li>Arthrosetherapie<\/li>\n<li>Sto\u00dfwellentherapie<\/li>\n<li>Physikalische Therapie<\/li>\n<\/ul>\n","protected":false},"excerpt":{"rendered":"<p>Komplettes Spektrum der Orthop\u00e4die und Unfallchirurgie Kinderorthop\u00e4die Sportmedizin Chirotherapie Unfallbehandlung Knochendichtemessung mittels DXA Verfahren\/Osteoporose-Therapie Digitales R\u00f6ntgen Sonographie einschlie\u00dflich S\u00e4uglingsh\u00fcften Gutachtert\u00e4tigkeit Akupunktur Signaltherapie Arthrosetherapie Sto\u00dfwellentherapie Physikalische Therapie<\/p>\n","protected":false},"author":3,"featured_media":0,"parent":0,"menu_order":2,"comment_status":"closed","ping_status":"closed","template":"","meta":{"jetpack_post_was_ever_published":false,"footnotes":""},"class_list":["post-17","page","type-page","status-publish","hentry","without-featured-image"],"yoast_head":"<!-- This site is optimized with the Yoast SEO plugin v25.0 - https:\/\/yoast.com\/wordpress\/plugins\/seo\/ -->\n<title>Unsere Leistungen - Ortopaedie Meckesheim<\/title>\n<meta name=\"robots\" content=\"index, follow, max-snippet:-1, max-image-preview:large, max-video-preview:-1\" \/>\n<link rel=\"canonical\" href=\"https:\/\/orthopaedie-meckesheim.de\/?page_id=17\" \/>\n<meta property=\"og:locale\" content=\"de_DE\" \/>\n<meta property=\"og:type\" content=\"article\" \/>\n<meta property=\"og:title\" content=\"Unsere Leistungen - Ortopaedie Meckesheim\" \/>\n<meta property=\"og:description\" content=\"Komplettes Spektrum der Orthop\u00e4die und Unfallchirurgie Kinderorthop\u00e4die Sportmedizin Chirotherapie Unfallbehandlung Knochendichtemessung mittels DXA Verfahren\/Osteoporose-Therapie Digitales R\u00f6ntgen Sonographie einschlie\u00dflich S\u00e4uglingsh\u00fcften Gutachtert\u00e4tigkeit Akupunktur Signaltherapie Arthrosetherapie Sto\u00dfwellentherapie Physikalische Therapie\" \/>\n<meta property=\"og:url\" content=\"https:\/\/orthopaedie-meckesheim.de\/?page_id=17\" \/>\n<meta property=\"og:site_name\" content=\"Ortopaedie Meckesheim\" \/>\n<meta property=\"article:modified_time\" content=\"2017-12-17T10:43:31+00:00\" \/>\n<meta name=\"twitter:card\" content=\"summary_large_image\" \/>\n<script type=\"application\/ld+json\" class=\"yoast-schema-graph\">{\"@context\":\"https:\/\/schema.org\",\"@graph\":[{\"@type\":\"WebPage\",\"@id\":\"https:\/\/orthopaedie-meckesheim.de\/?page_id=17\",\"url\":\"https:\/\/orthopaedie-meckesheim.de\/?page_id=17\",\"name\":\"Unsere Leistungen - Ortopaedie Meckesheim\",\"isPartOf\":{\"@id\":\"https:\/\/orthopaedie-meckesheim.de\/#website\"},\"datePublished\":\"2016-06-12T10:32:11+00:00\",\"dateModified\":\"2017-12-17T10:43:31+00:00\",\"breadcrumb\":{\"@id\":\"https:\/\/orthopaedie-meckesheim.de\/?page_id=17#breadcrumb\"},\"inLanguage\":\"de\",\"potentialAction\":[{\"@type\":\"ReadAction\",\"target\":[\"https:\/\/orthopaedie-meckesheim.de\/?page_id=17\"]}]},{\"@type\":\"BreadcrumbList\",\"@id\":\"https:\/\/orthopaedie-meckesheim.de\/?page_id=17#breadcrumb\",\"itemListElement\":[{\"@type\":\"ListItem\",\"position\":1,\"name\":\"Startseite\",\"item\":\"https:\/\/orthopaedie-meckesheim.de\/\"},{\"@type\":\"ListItem\",\"position\":2,\"name\":\"Unsere Leistungen\"}]},{\"@type\":\"WebSite\",\"@id\":\"https:\/\/orthopaedie-meckesheim.de\/#website\",\"url\":\"https:\/\/orthopaedie-meckesheim.de\/\",\"name\":\"Ortopaedie Meckesheim\",\"description\":\"\",\"potentialAction\":[{\"@type\":\"SearchAction\",\"target\":{\"@type\":\"EntryPoint\",\"urlTemplate\":\"https:\/\/orthopaedie-meckesheim.de\/?s={search_term_string}\"},\"query-input\":{\"@type\":\"PropertyValueSpecification\",\"valueRequired\":true,\"valueName\":\"search_term_string\"}}],\"inLanguage\":\"de\"}]}<\/script>\n<!-- \/ Yoast SEO plugin. -->","yoast_head_json":{"title":"Unsere Leistungen - Ortopaedie Meckesheim","robots":{"index":"index","follow":"follow","max-snippet":"max-snippet:-1","max-image-preview":"max-image-preview:large","max-video-preview":"max-video-preview:-1"},"canonical":"https:\/\/orthopaedie-meckesheim.de\/?page_id=17","og_locale":"de_DE","og_type":"article","og_title":"Unsere Leistungen - Ortopaedie Meckesheim","og_description":"Komplettes Spektrum der Orthop\u00e4die und Unfallchirurgie Kinderorthop\u00e4die Sportmedizin Chirotherapie Unfallbehandlung Knochendichtemessung mittels DXA Verfahren\/Osteoporose-Therapie Digitales R\u00f6ntgen Sonographie einschlie\u00dflich S\u00e4uglingsh\u00fcften Gutachtert\u00e4tigkeit Akupunktur Signaltherapie Arthrosetherapie Sto\u00dfwellentherapie Physikalische Therapie","og_url":"https:\/\/orthopaedie-meckesheim.de\/?page_id=17","og_site_name":"Ortopaedie Meckesheim","article_modified_time":"2017-12-17T10:43:31+00:00","twitter_card":"summary_large_image","schema":{"@context":"https:\/\/schema.org","@graph":[{"@type":"WebPage","@id":"https:\/\/orthopaedie-meckesheim.de\/?page_id=17","url":"https:\/\/orthopaedie-meckesheim.de\/?page_id=17","name":"Unsere Leistungen - Ortopaedie Meckesheim","isPartOf":{"@id":"https:\/\/orthopaedie-meckesheim.de\/#website"},"datePublished":"2016-06-12T10:32:11+00:00","dateModified":"2017-12-17T10:43:31+00:00","breadcrumb":{"@id":"https:\/\/orthopaedie-meckesheim.de\/?page_id=17#breadcrumb"},"inLanguage":"de","potentialAction":[{"@type":"ReadAction","target":["https:\/\/orthopaedie-meckesheim.de\/?page_id=17"]}]},{"@type":"BreadcrumbList","@id":"https:\/\/orthopaedie-meckesheim.de\/?page_id=17#breadcrumb","itemListElement":[{"@type":"ListItem","position":1,"name":"Startseite","item":"https:\/\/orthopaedie-meckesheim.de\/"},{"@type":"ListItem","position":2,"name":"Unsere Leistungen"}]},{"@type":"WebSite","@id":"https:\/\/orthopaedie-meckesheim.de\/#website","url":"https:\/\/orthopaedie-meckesheim.de\/","name":"Ortopaedie Meckesheim","description":"","potentialAction":[{"@type":"SearchAction","target":{"@type":"EntryPoint","urlTemplate":"https:\/\/orthopaedie-meckesheim.de\/?s={search_term_string}"},"query-input":{"@type":"PropertyValueSpecification","valueRequired":true,"valueName":"search_term_string"}}],"inLanguage":"de"}]}},"jetpack_sharing_enabled":true,"jetpack_shortlink":"https:\/\/wp.me\/P7JG5X-h","_links":{"self":[{"href":"https:\/\/orthopaedie-meckesheim.de\/index.php?rest_route=\/wp\/v2\/pages\/17","targetHints":{"allow":["GET"]}}],"collection":[{"href":"https:\/\/orthopaedie-meckesheim.de\/index.php?rest_route=\/wp\/v2\/pages"}],"about":[{"href":"https:\/\/orthopaedie-meckesheim.de\/index.php?rest_route=\/wp\/v2\/types\/page"}],"author":[{"embeddable":true,"href":"https:\/\/orthopaedie-meckesheim.de\/index.php?rest_route=\/wp\/v2\/users\/3"}],"replies":[{"embeddable":true,"href":"https:\/\/orthopaedie-meckesheim.de\/index.php?rest_route=%2Fwp%2Fv2%2Fcomments&post=17"}],"version-history":[{"count":8,"href":"https:\/\/orthopaedie-meckesheim.de\/index.php?rest_route=\/wp\/v2\/pages\/17\/revisions"}],"predecessor-version":[{"id":141,"href":"https:\/\/orthopaedie-meckesheim.de\/index.php?rest_route=\/wp\/v2\/pages\/17\/revisions\/141"}],"wp:attachment":[{"href":"https:\/\/orthopaedie-meckesheim.de\/index.php?rest_route=%2Fwp%2Fv2%2Fmedia&parent=17"}],"curies":[{"name":"wp","href":"https:\/\/api.w.org\/{rel}","templated":true}]}}